{"id":27,"date":"2012-06-09T19:57:00","date_gmt":"2012-06-09T18:57:00","guid":{"rendered":"http:\/\/www.iwtf.ie\/?page_id=12"},"modified":"2014-02-25T12:00:06","modified_gmt":"2014-02-25T12:00:06","slug":"links","status":"publish","type":"page","link":"http:\/\/iwtf.ie\/?page_id=27","title":{"rendered":"Links"},"content":{"rendered":"<div class=\"pf-content\"><h2><strong>Local<\/strong><\/h2>\n<p><span style=\"color: #0000ff;\">Irish Foot Harriers Association<\/span> \u00a0 \u00a0 \u00a0 \u00a0 \u00a0 \u00a0 \u00a0 \u00a0 \u00a0 \u00a0 \u00a0 \u00a0 \u00a0 \u00a0 \u00a0 \u00a0 \u00a0<a href=\"http:\/\/iwtf.ie\/wp-content\/uploads\/2012\/06\/Symbol-Check.png\"><img loading=\"lazy\" title=\"Symbol-Check\" alt=\"\" src=\"http:\/\/iwtf.ie\/wp-content\/uploads\/2012\/06\/Symbol-Check.png\" width=\"30\" height=\"30\" \/><\/a>\u00a0<span style=\"color: #008000;\"><strong><em>Endorsement received<\/em><\/strong><\/span><\/p>\n<h4><a href=\"http:\/\/www.hai.ie\/\" target=\"_blank\">The Hunting Association of Ireland<\/a><\/h4>\n<h4><a href=\"http:\/\/www.imfha.com\/\">IMFHA Irish Masters of Foxhounds Association<\/a><\/h4>\n<h4><a href=\"http:\/\/www.irishbeagling.org\/\" target=\"_blank\">Irish Masters of Beagles Association<\/a><\/h4>\n<h4><a href=\"http:\/\/www.ifacountryside.ie\/\">IFA Countryside<\/a><\/h4>\n<h4><a href=\"http:\/\/www.nargc.ie\/\">National Association of Regional Game Councils<\/a><\/h4>\n<h4><a title=\"Great Game Fairs Ireland\" href=\"http:\/\/www.irishgameandcountryfair.com\/\">Irish Game and Country Fairs<\/a>\u00a0 \u00a0<span style=\"color: #3366ff;\">(Incorporating Irish Sports and Country Life Magazine)<\/span><\/h4>\n<h4><a href=\"http:\/\/www.farmersjournal.ie\/index.cgi?currentedition\">The Irish Farmers&#8217; Journal &#8211; The Voice of Ireland&#8217;s Farming Industry Online<\/a><\/h4>\n<h4><a href=\"http:\/\/risecampaign1.wordpress.com\/\">RISE &#8211; Rural Ireland Says Enough<\/a><\/h4>\n<h4><strong>International<\/strong><\/h4>\n<p><a href=\"http:\/\/www.sacs.org.uk\">Scottish Association of Country Sports (SACS)<\/a>\u00a0\u00a0\u00a0\u00a0 <a href=\"http:\/\/iwtf.ie\/wp-content\/uploads\/2012\/06\/Symbol-Check.png\"><img loading=\"lazy\" title=\"Symbol-Check\" alt=\"\" src=\"http:\/\/iwtf.ie\/wp-content\/uploads\/2012\/06\/Symbol-Check.png\" width=\"30\" height=\"30\" \/><\/a>\u00a0<span style=\"color: #008000;\"><strong><em>Endorsement received<\/em><\/strong><\/span><\/p>\n<p><a title=\"Countryside Alliance Ireland\" href=\"http:\/\/www.countrysideallianceireland.org\/\">Countryside Alliance Ireland<\/a>\u00a0 \u00a0 \u00a0 \u00a0 \u00a0 \u00a0 \u00a0 \u00a0 \u00a0 \u00a0 \u00a0 \u00a0 \u00a0 \u00a0 \u00a0 \u00a0 \u00a0 \u00a0\u00a0<a href=\"http:\/\/iwtf.ie\/wp-content\/uploads\/2012\/06\/Symbol-Check.png\"><img loading=\"lazy\" title=\"Symbol-Check\" alt=\"\" src=\"http:\/\/iwtf.ie\/wp-content\/uploads\/2012\/06\/Symbol-Check.png\" width=\"30\" height=\"30\" \/><\/a>\u00a0<span style=\"color: #008000;\"><strong><em>Endorsement received<\/em><\/strong><\/span><\/p>\n<p><a title=\"Country Sports Ireland\" href=\"http:\/\/www.countrysportsireland.org\">Country Sports Ireland\u00a0<\/a>\u00a0 \u00a0 \u00a0 \u00a0 \u00a0 \u00a0 \u00a0 \u00a0 \u00a0 \u00a0 \u00a0 \u00a0 \u00a0 \u00a0 \u00a0 \u00a0 \u00a0 \u00a0 \u00a0 \u00a0 \u00a0 \u00a0\u00a0<a href=\"http:\/\/iwtf.ie\/wp-content\/uploads\/2012\/06\/Symbol-Check.png\"><img loading=\"lazy\" title=\"Symbol-Check\" alt=\"\" src=\"http:\/\/iwtf.ie\/wp-content\/uploads\/2012\/06\/Symbol-Check.png\" width=\"30\" height=\"30\" \/><\/a>\u00a0<span style=\"color: #008000;\"><strong><em>Endorsement received<\/em><\/strong><\/span><\/p>\n<p><a href=\"http:\/\/www.terrierwork.com\/\" target=\"_blank\">National Working Terrier Federation &#8211; UK\u00a0<\/a>\u00a0 \u00a0 \u00a0 \u00a0\u00a0 \u00a0<a href=\"http:\/\/iwtf.ie\/wp-content\/uploads\/2012\/06\/Symbol-Check.png\"><img loading=\"lazy\" title=\"Symbol-Check\" alt=\"\" src=\"http:\/\/iwtf.ie\/wp-content\/uploads\/2012\/06\/Symbol-Check.png\" width=\"30\" height=\"30\" \/><\/a>\u00a0<span style=\"color: #008000;\"><strong><em>Endorsement received<\/em><\/strong><\/span><\/p>\n<p><a title=\"Fell and moorland Working Terrier Club\" href=\"http:\/\/www.fellandmoorlandwtceastmids.com\/workingterriers.htm\">Fell and Moorland WTC<\/a><\/p>\n<p><a title=\"JRTCGB\" href=\"http:\/\/jrtcgb.webs.com\/\">Jack Russell Terrier Club of Great Britain<\/a><\/p>\n<p><a href=\"http:\/\/www.terrierman.com\" target=\"_blank\">Terrierman.com<\/a><\/p>\n<p><a title=\"Country Wise Forum\" href=\"http:\/\/www.countrywisebooks.com\">Countrywise Forum<\/a>\u00a0 \u00a0 \u00a0 \u00a0 \u00a0 \u00a0 \u00a0 \u00a0 \u00a0 \u00a0 \u00a0 \u00a0 \u00a0 \u00a0 \u00a0 \u00a0 \u00a0 \u00a0 \u00a0 \u00a0 \u00a0 \u00a0 \u00a0 \u00a0 \u00a0 \u00a0<a href=\"http:\/\/iwtf.ie\/wp-content\/uploads\/2012\/06\/Symbol-Check.png\"><img loading=\"lazy\" title=\"Symbol-Check\" alt=\"\" src=\"http:\/\/iwtf.ie\/wp-content\/uploads\/2012\/06\/Symbol-Check.png\" width=\"30\" height=\"30\" \/><\/a><span style=\"color: #008000;\">\u00a0<strong><em>Endorsement received<\/em><\/strong><\/span><\/p>\n<h4><a href=\"http:\/\/www.venerie.org\/\" target=\"_blank\">Soci\u00e9t\u00e9 de V\u00e8nerie &#8211; France\u00a0<\/a><\/h4>\n<h4><a href=\"http:\/\/www.face-europe.org\/\" target=\"_blank\">FACE &#8211; Europe<\/a><\/h4>\n<h4><a href=\"http:\/\/www.mfha.org\/\" target=\"_blank\">Masters of Foxhounds Association of America<\/a><\/h4>\n<h2>\u00a0<\/h2>\n<p>&nbsp;<\/p>\n<\/div>","protected":false},"excerpt":{"rendered":"<p>Local Irish Foot Harriers Association \u00a0 \u00a0 \u00a0 \u00a0 \u00a0 \u00a0 \u00a0 \u00a0 \u00a0 \u00a0 \u00a0 \u00a0 \u00a0 \u00a0 \u00a0 \u00a0 \u00a0\u00a0Endorsement received The Hunting Association of Ireland IMFHA Irish Masters of Foxhounds Association Irish Masters of Beagles Association IFA &hellip; <a href=\"http:\/\/iwtf.ie\/?page_id=27\">Continue reading <span class=\"meta-nav\">&rarr;<\/span><\/a><\/p>\n","protected":false},"author":1,"featured_media":0,"parent":0,"menu_order":0,"comment_status":"closed","ping_status":"closed","template":"","meta":[],"_links":{"self":[{"href":"http:\/\/iwtf.ie\/index.php?rest_route=\/wp\/v2\/pages\/27"}],"collection":[{"href":"http:\/\/iwtf.ie\/index.php?rest_route=\/wp\/v2\/pages"}],"about":[{"href":"http:\/\/iwtf.ie\/index.php?rest_route=\/wp\/v2\/types\/page"}],"author":[{"embeddable":true,"href":"http:\/\/iwtf.ie\/index.php?rest_route=\/wp\/v2\/users\/1"}],"replies":[{"embeddable":true,"href":"http:\/\/iwtf.ie\/index.php?rest_route=%2Fwp%2Fv2%2Fcomments&post=27"}],"version-history":[{"count":40,"href":"http:\/\/iwtf.ie\/index.php?rest_route=\/wp\/v2\/pages\/27\/revisions"}],"predecessor-version":[{"id":1752,"href":"http:\/\/iwtf.ie\/index.php?rest_route=\/wp\/v2\/pages\/27\/revisions\/1752"}],"wp:attachment":[{"href":"http:\/\/iwtf.ie\/index.php?rest_route=%2Fwp%2Fv2%2Fmedia&parent=27"}],"curies":[{"name":"wp","href":"https:\/\/api.w.org\/{rel}","templated":true}]}}